{"id":36,"date":"2023-02-06T10:44:03","date_gmt":"2023-02-06T10:44:03","guid":{"rendered":"https:\/\/topnett.mc\/?page_id=36"},"modified":"2024-03-18T13:47:56","modified_gmt":"2024-03-18T13:47:56","slug":"accueil","status":"publish","type":"page","link":"https:\/\/topnett.mc\/","title":{"rendered":"Accueil"},"content":{"rendered":"\t\t<div data-elementor-type=\"wp-page\" data-elementor-id=\"36\" class=\"elementor elementor-36\" data-elementor-post-type=\"page\">\n\t\t\t\t\t\t<section class=\"elementor-section elementor-top-section elementor-element elementor-element-6a4afe2 elementor-section-height-min-height elementor-section-full_width elementor-section-height-default elementor-section-items-middle\" data-id=\"6a4afe2\" data-element_type=\"section\" data-e-type=\"section\" data-settings=\"{&quot;background_background&quot;:&quot;classic&quot;}\">\n\t\t\t\t\t\t\t<div class=\"elementor-background-overlay\"><\/div>\n\t\t\t\t\t\t\t<div class=\"elementor-container elementor-column-gap-default\">\n\t\t\t\t\t<div class=\"elementor-column elementor-col-100 elementor-top-column elementor-element elementor-element-ce5a0eb\" data-id=\"ce5a0eb\" data-element_type=\"column\" data-e-type=\"column\">\n\t\t\t<div class=\"elementor-widget-wrap elementor-element-populated\">\n\t\t\t\t\t\t<div class=\"elementor-element elementor-element-f729c46 elementor-widget__width-initial elementor-widget elementor-widget-heading\" data-id=\"f729c46\" data-element_type=\"widget\" data-e-type=\"widget\" data-widget_type=\"heading.default\">\n\t\t\t\t<div class=\"elementor-widget-container\">\n\t\t\t\t\t<h2 class=\"elementor-heading-title elementor-size-default\">LA PROPRET\u00c9 AU SERVICE<br>\nDE L\u2019ENVIRONNEMENT<\/h2>\t\t\t\t<\/div>\n\t\t\t\t<\/div>\n\t\t\t\t\t<\/div>\n\t\t<\/div>\n\t\t\t\t\t<\/div>\n\t\t<\/section>\n\t\t\t\t<section class=\"elementor-section elementor-top-section elementor-element elementor-element-a004d80 elementor-section-height-min-height elementor-section-boxed elementor-section-height-default elementor-section-items-middle\" data-id=\"a004d80\" data-element_type=\"section\" data-e-type=\"section\">\n\t\t\t\t\t\t<div class=\"elementor-container elementor-column-gap-default\">\n\t\t\t\t\t<div class=\"elementor-column elementor-col-100 elementor-top-column elementor-element elementor-element-7b841e6\" data-id=\"7b841e6\" data-element_type=\"column\" data-e-type=\"column\">\n\t\t\t<div class=\"elementor-widget-wrap elementor-element-populated\">\n\t\t\t\t\t\t<div class=\"elementor-element elementor-element-a3f97b8 elementor-widget elementor-widget-heading\" data-id=\"a3f97b8\" data-element_type=\"widget\" data-e-type=\"widget\" data-widget_type=\"heading.default\">\n\t\t\t\t<div class=\"elementor-widget-container\">\n\t\t\t\t\t<h2 class=\"elementor-heading-title elementor-size-default\">TOP NETT<\/h2>\t\t\t\t<\/div>\n\t\t\t\t<\/div>\n\t\t\t\t<div class=\"elementor-element elementor-element-4794e27 elementor-widget-divider--view-line elementor-widget elementor-widget-divider\" data-id=\"4794e27\" data-element_type=\"widget\" data-e-type=\"widget\" data-widget_type=\"divider.default\">\n\t\t\t\t<div class=\"elementor-widget-container\">\n\t\t\t\t\t\t\t<div class=\"elementor-divider\">\n\t\t\t<span class=\"elementor-divider-separator\">\n\t\t\t\t\t\t<\/span>\n\t\t<\/div>\n\t\t\t\t\t\t<\/div>\n\t\t\t\t<\/div>\n\t\t\t\t<div class=\"elementor-element elementor-element-b547de2 elementor-widget elementor-widget-text-editor\" data-id=\"b547de2\" data-element_type=\"widget\" data-e-type=\"widget\" data-widget_type=\"text-editor.default\">\n\t\t\t\t<div class=\"elementor-widget-container\">\n\t\t\t\t\t\t\t\t\tDepuis plus de 35 ans, Top Nett intervient en Principaut\u00e9 dans les secteurs d&rsquo;activit\u00e9s de propret\u00e9 <br>et de Facility Services.\n\n<br><br>\nLa satisfaction de nos clients \u00e9tant au c\u0153ur de nos priorit\u00e9s, nous mettons tout en \u0153uvre pour r\u00e9pondre \u00e0 vos attentes et attachons \u00e9galement une importance forte au respect des hommes.\nNos \u00e9quipes s\u2019investissent quotidiennement pour fournir une qualit\u00e9 de service.\n<br><br>\n\n<strong>La qualit\u00e9, l\u2019humain et la r\u00e9activit\u00e9 font de Top Nett une r\u00e9f\u00e9rence en Principaut\u00e9.<\/strong>\t\t\t\t\t\t\t\t<\/div>\n\t\t\t\t<\/div>\n\t\t\t\t<div class=\"elementor-element elementor-element-056b364 elementor-widget elementor-widget-spacer\" data-id=\"056b364\" data-element_type=\"widget\" data-e-type=\"widget\" data-widget_type=\"spacer.default\">\n\t\t\t\t<div class=\"elementor-widget-container\">\n\t\t\t\t\t\t\t<div class=\"elementor-spacer\">\n\t\t\t<div class=\"elementor-spacer-inner\"><\/div>\n\t\t<\/div>\n\t\t\t\t\t\t<\/div>\n\t\t\t\t<\/div>\n\t\t\t\t<div class=\"elementor-element elementor-element-c0fdfaf elementor-align-center elementor-widget elementor-widget-button\" data-id=\"c0fdfaf\" data-element_type=\"widget\" data-e-type=\"widget\" data-widget_type=\"button.default\">\n\t\t\t\t<div class=\"elementor-widget-container\">\n\t\t\t\t\t\t\t\t\t<div class=\"elementor-button-wrapper\">\n\t\t\t\t\t<a class=\"elementor-button elementor-button-link elementor-size-md\" href=\"https:\/\/topnett.mc\/?page_id=41\">\n\t\t\t\t\t\t<span class=\"elementor-button-content-wrapper\">\n\t\t\t\t\t\t\t\t\t<span class=\"elementor-button-text\">En savoir +<\/span>\n\t\t\t\t\t<\/span>\n\t\t\t\t\t<\/a>\n\t\t\t\t<\/div>\n\t\t\t\t\t\t\t\t<\/div>\n\t\t\t\t<\/div>\n\t\t\t\t\t<\/div>\n\t\t<\/div>\n\t\t\t\t\t<\/div>\n\t\t<\/section>\n\t\t\t\t<section class=\"elementor-section elementor-top-section elementor-element elementor-element-2a911c4 elementor-section-height-min-height elementor-section-full_width elementor-section-height-default elementor-section-items-middle\" data-id=\"2a911c4\" data-element_type=\"section\" data-e-type=\"section\" data-settings=\"{&quot;background_background&quot;:&quot;classic&quot;}\">\n\t\t\t\t\t\t<div class=\"elementor-container elementor-column-gap-default\">\n\t\t\t\t\t<div class=\"elementor-column elementor-col-100 elementor-top-column elementor-element elementor-element-f82d071\" data-id=\"f82d071\" data-element_type=\"column\" data-e-type=\"column\">\n\t\t\t<div class=\"elementor-widget-wrap elementor-element-populated\">\n\t\t\t\t\t\t<div class=\"elementor-element elementor-element-a0e5f7b elementor-widget elementor-widget-spacer\" data-id=\"a0e5f7b\" data-element_type=\"widget\" data-e-type=\"widget\" data-widget_type=\"spacer.default\">\n\t\t\t\t<div class=\"elementor-widget-container\">\n\t\t\t\t\t\t\t<div class=\"elementor-spacer\">\n\t\t\t<div class=\"elementor-spacer-inner\"><\/div>\n\t\t<\/div>\n\t\t\t\t\t\t<\/div>\n\t\t\t\t<\/div>\n\t\t\t\t<div class=\"elementor-element elementor-element-a62acae elementor-widget elementor-widget-heading\" data-id=\"a62acae\" data-element_type=\"widget\" data-e-type=\"widget\" data-widget_type=\"heading.default\">\n\t\t\t\t<div class=\"elementor-widget-container\">\n\t\t\t\t\t<h2 class=\"elementor-heading-title elementor-size-default\">NOS VALEURS<\/h2>\t\t\t\t<\/div>\n\t\t\t\t<\/div>\n\t\t\t\t<div class=\"elementor-element elementor-element-8b4c87a elementor-widget-divider--view-line elementor-widget elementor-widget-divider\" data-id=\"8b4c87a\" data-element_type=\"widget\" data-e-type=\"widget\" data-widget_type=\"divider.default\">\n\t\t\t\t<div class=\"elementor-widget-container\">\n\t\t\t\t\t\t\t<div class=\"elementor-divider\">\n\t\t\t<span class=\"elementor-divider-separator\">\n\t\t\t\t\t\t<\/span>\n\t\t<\/div>\n\t\t\t\t\t\t<\/div>\n\t\t\t\t<\/div>\n\t\t\t\t<section class=\"elementor-section elementor-inner-section elementor-element elementor-element-843e014 elementor-section-boxed elementor-section-height-default elementor-section-height-default\" data-id=\"843e014\" data-element_type=\"section\" data-e-type=\"section\">\n\t\t\t\t\t\t<div class=\"elementor-container elementor-column-gap-default\">\n\t\t\t\t\t<div class=\"elementor-column elementor-col-100 elementor-inner-column elementor-element elementor-element-b73adbe\" data-id=\"b73adbe\" data-element_type=\"column\" data-e-type=\"column\">\n\t\t\t<div class=\"elementor-widget-wrap elementor-element-populated\">\n\t\t\t\t\t\t<div class=\"elementor-element elementor-element-e8308e6 elementor-widget elementor-widget-image\" data-id=\"e8308e6\" data-element_type=\"widget\" data-e-type=\"widget\" data-widget_type=\"image.default\">\n\t\t\t\t<div class=\"elementor-widget-container\">\n\t\t\t\t\t\t\t\t\t\t\t\t\t\t\t<img fetchpriority=\"high\" decoding=\"async\" width=\"800\" height=\"600\" src=\"https:\/\/topnett.mc\/wp-content\/uploads\/2023\/09\/Group-1-1024x768.jpg\" class=\"attachment-large size-large wp-image-622\" alt=\"\" srcset=\"https:\/\/topnett.mc\/wp-content\/uploads\/2023\/09\/Group-1-1024x768.jpg 1024w, https:\/\/topnett.mc\/wp-content\/uploads\/2023\/09\/Group-1-300x225.jpg 300w, https:\/\/topnett.mc\/wp-content\/uploads\/2023\/09\/Group-1-768x576.jpg 768w, https:\/\/topnett.mc\/wp-content\/uploads\/2023\/09\/Group-1-1536x1152.jpg 1536w, https:\/\/topnett.mc\/wp-content\/uploads\/2023\/09\/Group-1-2048x1536.jpg 2048w\" sizes=\"(max-width: 800px) 100vw, 800px\" \/>\t\t\t\t\t\t\t\t\t\t\t\t\t\t\t<\/div>\n\t\t\t\t<\/div>\n\t\t\t\t\t<\/div>\n\t\t<\/div>\n\t\t\t\t\t<\/div>\n\t\t<\/section>\n\t\t\t\t<div class=\"elementor-element elementor-element-3596cb6 elementor-widget elementor-widget-spacer\" data-id=\"3596cb6\" data-element_type=\"widget\" data-e-type=\"widget\" data-widget_type=\"spacer.default\">\n\t\t\t\t<div class=\"elementor-widget-container\">\n\t\t\t\t\t\t\t<div class=\"elementor-spacer\">\n\t\t\t<div class=\"elementor-spacer-inner\"><\/div>\n\t\t<\/div>\n\t\t\t\t\t\t<\/div>\n\t\t\t\t<\/div>\n\t\t\t\t\t<\/div>\n\t\t<\/div>\n\t\t\t\t\t<\/div>\n\t\t<\/section>\n\t\t\t\t<section class=\"elementor-section elementor-top-section elementor-element elementor-element-74b2831 elementor-section-height-min-height elementor-section-boxed elementor-section-height-default elementor-section-items-middle\" data-id=\"74b2831\" data-element_type=\"section\" data-e-type=\"section\" data-settings=\"{&quot;background_background&quot;:&quot;classic&quot;}\">\n\t\t\t\t\t\t<div class=\"elementor-container elementor-column-gap-default\">\n\t\t\t\t\t<div class=\"elementor-column elementor-col-100 elementor-top-column elementor-element elementor-element-f0f62b3\" data-id=\"f0f62b3\" data-element_type=\"column\" data-e-type=\"column\">\n\t\t\t<div class=\"elementor-widget-wrap elementor-element-populated\">\n\t\t\t\t\t\t<div class=\"elementor-element elementor-element-b9a7f47 elementor-widget elementor-widget-heading\" data-id=\"b9a7f47\" data-element_type=\"widget\" data-e-type=\"widget\" data-widget_type=\"heading.default\">\n\t\t\t\t<div class=\"elementor-widget-container\">\n\t\t\t\t\t<h2 class=\"elementor-heading-title elementor-size-default\">NOS CERTIFICATIONS<\/h2>\t\t\t\t<\/div>\n\t\t\t\t<\/div>\n\t\t\t\t<div class=\"elementor-element elementor-element-7f84f06 elementor-widget-divider--view-line elementor-widget elementor-widget-divider\" data-id=\"7f84f06\" data-element_type=\"widget\" data-e-type=\"widget\" data-widget_type=\"divider.default\">\n\t\t\t\t<div class=\"elementor-widget-container\">\n\t\t\t\t\t\t\t<div class=\"elementor-divider\">\n\t\t\t<span class=\"elementor-divider-separator\">\n\t\t\t\t\t\t<\/span>\n\t\t<\/div>\n\t\t\t\t\t\t<\/div>\n\t\t\t\t<\/div>\n\t\t\t\t<section class=\"elementor-section elementor-inner-section elementor-element elementor-element-bef9aaf elementor-section-boxed elementor-section-height-default elementor-section-height-default\" data-id=\"bef9aaf\" data-element_type=\"section\" data-e-type=\"section\">\n\t\t\t\t\t\t<div class=\"elementor-container elementor-column-gap-default\">\n\t\t\t\t\t<div class=\"elementor-column elementor-col-50 elementor-inner-column elementor-element elementor-element-575498c\" data-id=\"575498c\" data-element_type=\"column\" data-e-type=\"column\">\n\t\t\t<div class=\"elementor-widget-wrap elementor-element-populated\">\n\t\t\t\t\t\t<div class=\"elementor-element elementor-element-b4aee73 elementor-widget elementor-widget-image\" data-id=\"b4aee73\" data-element_type=\"widget\" data-e-type=\"widget\" data-widget_type=\"image.default\">\n\t\t\t\t<div class=\"elementor-widget-container\">\n\t\t\t\t\t\t\t\t\t\t\t\t\t\t\t<img decoding=\"async\" width=\"800\" height=\"876\" src=\"https:\/\/topnett.mc\/wp-content\/uploads\/2023\/04\/ApaveCert-ISO9001-ISO14001-1-935x1024.png\" class=\"attachment-large size-large wp-image-457\" alt=\"\" srcset=\"https:\/\/topnett.mc\/wp-content\/uploads\/2023\/04\/ApaveCert-ISO9001-ISO14001-1-935x1024.png 935w, https:\/\/topnett.mc\/wp-content\/uploads\/2023\/04\/ApaveCert-ISO9001-ISO14001-1-274x300.png 274w, https:\/\/topnett.mc\/wp-content\/uploads\/2023\/04\/ApaveCert-ISO9001-ISO14001-1-768x841.png 768w, https:\/\/topnett.mc\/wp-content\/uploads\/2023\/04\/ApaveCert-ISO9001-ISO14001-1-1403x1536.png 1403w, https:\/\/topnett.mc\/wp-content\/uploads\/2023\/04\/ApaveCert-ISO9001-ISO14001-1-1871x2048.png 1871w\" sizes=\"(max-width: 800px) 100vw, 800px\" \/>\t\t\t\t\t\t\t\t\t\t\t\t\t\t\t<\/div>\n\t\t\t\t<\/div>\n\t\t\t\t<div class=\"elementor-element elementor-element-5acd07a elementor-align-center elementor-widget elementor-widget-button\" data-id=\"5acd07a\" data-element_type=\"widget\" data-e-type=\"widget\" data-widget_type=\"button.default\">\n\t\t\t\t<div class=\"elementor-widget-container\">\n\t\t\t\t\t\t\t\t\t<div class=\"elementor-button-wrapper\">\n\t\t\t\t\t<a class=\"elementor-button elementor-button-link elementor-size-md\" href=\"https:\/\/www.apave-certification.com\/fr\" target=\"_blank\">\n\t\t\t\t\t\t<span class=\"elementor-button-content-wrapper\">\n\t\t\t\t\t\t\t\t\t<span class=\"elementor-button-text\">En savoir +<\/span>\n\t\t\t\t\t<\/span>\n\t\t\t\t\t<\/a>\n\t\t\t\t<\/div>\n\t\t\t\t\t\t\t\t<\/div>\n\t\t\t\t<\/div>\n\t\t\t\t\t<\/div>\n\t\t<\/div>\n\t\t\t\t<div class=\"elementor-column elementor-col-50 elementor-inner-column elementor-element elementor-element-2892714\" data-id=\"2892714\" data-element_type=\"column\" data-e-type=\"column\">\n\t\t\t<div class=\"elementor-widget-wrap elementor-element-populated\">\n\t\t\t\t\t\t<div class=\"elementor-element elementor-element-cd89fbd elementor-widget elementor-widget-image\" data-id=\"cd89fbd\" data-element_type=\"widget\" data-e-type=\"widget\" data-widget_type=\"image.default\">\n\t\t\t\t<div class=\"elementor-widget-container\">\n\t\t\t\t\t\t\t\t\t\t\t\t\t\t\t<img decoding=\"async\" width=\"724\" height=\"600\" src=\"https:\/\/topnett.mc\/wp-content\/uploads\/2023\/04\/Monaco-Welcom.jpg\" class=\"attachment-large size-large wp-image-303\" alt=\"\" srcset=\"https:\/\/topnett.mc\/wp-content\/uploads\/2023\/04\/Monaco-Welcom.jpg 724w, https:\/\/topnett.mc\/wp-content\/uploads\/2023\/04\/Monaco-Welcom-300x249.jpg 300w\" sizes=\"(max-width: 724px) 100vw, 724px\" \/>\t\t\t\t\t\t\t\t\t\t\t\t\t\t\t<\/div>\n\t\t\t\t<\/div>\n\t\t\t\t<div class=\"elementor-element elementor-element-89ffc4d elementor-align-center elementor-widget elementor-widget-button\" data-id=\"89ffc4d\" data-element_type=\"widget\" data-e-type=\"widget\" data-widget_type=\"button.default\">\n\t\t\t\t<div class=\"elementor-widget-container\">\n\t\t\t\t\t\t\t\t\t<div class=\"elementor-button-wrapper\">\n\t\t\t\t\t<a class=\"elementor-button elementor-button-link elementor-size-md\" href=\"https:\/\/www.monaco-welcome.mc\/fr\" target=\"_blank\">\n\t\t\t\t\t\t<span class=\"elementor-button-content-wrapper\">\n\t\t\t\t\t\t\t\t\t<span class=\"elementor-button-text\">En savoir +<\/span>\n\t\t\t\t\t<\/span>\n\t\t\t\t\t<\/a>\n\t\t\t\t<\/div>\n\t\t\t\t\t\t\t\t<\/div>\n\t\t\t\t<\/div>\n\t\t\t\t\t<\/div>\n\t\t<\/div>\n\t\t\t\t\t<\/div>\n\t\t<\/section>\n\t\t\t\t<div class=\"elementor-element elementor-element-50dd1b4 elementor-widget elementor-widget-spacer\" data-id=\"50dd1b4\" data-element_type=\"widget\" data-e-type=\"widget\" data-widget_type=\"spacer.default\">\n\t\t\t\t<div class=\"elementor-widget-container\">\n\t\t\t\t\t\t\t<div class=\"elementor-spacer\">\n\t\t\t<div class=\"elementor-spacer-inner\"><\/div>\n\t\t<\/div>\n\t\t\t\t\t\t<\/div>\n\t\t\t\t<\/div>\n\t\t\t\t\t<\/div>\n\t\t<\/div>\n\t\t\t\t\t<\/div>\n\t\t<\/section>\n\t\t\t\t<section class=\"elementor-section elementor-top-section elementor-element elementor-element-21e5ab0 elementor-section-height-min-height elementor-section-boxed elementor-section-height-default elementor-section-items-middle\" data-id=\"21e5ab0\" data-element_type=\"section\" data-e-type=\"section\" data-settings=\"{&quot;background_background&quot;:&quot;classic&quot;}\">\n\t\t\t\t\t\t\t<div class=\"elementor-background-overlay\"><\/div>\n\t\t\t\t\t\t\t<div class=\"elementor-container elementor-column-gap-default\">\n\t\t\t\t\t<div class=\"elementor-column elementor-col-100 elementor-top-column elementor-element elementor-element-1769758\" data-id=\"1769758\" data-element_type=\"column\" data-e-type=\"column\">\n\t\t\t<div class=\"elementor-widget-wrap elementor-element-populated\">\n\t\t\t\t\t\t<div class=\"elementor-element elementor-element-393f0a1 elementor-widget elementor-widget-heading\" data-id=\"393f0a1\" data-element_type=\"widget\" data-e-type=\"widget\" data-widget_type=\"heading.default\">\n\t\t\t\t<div class=\"elementor-widget-container\">\n\t\t\t\t\t<h2 class=\"elementor-heading-title elementor-size-default\">NOS SERVICES VOUS INTERESSENT ?<\/h2>\t\t\t\t<\/div>\n\t\t\t\t<\/div>\n\t\t\t\t<div class=\"elementor-element elementor-element-f045ddb elementor-widget-divider--view-line elementor-widget elementor-widget-divider\" data-id=\"f045ddb\" data-element_type=\"widget\" data-e-type=\"widget\" data-widget_type=\"divider.default\">\n\t\t\t\t<div class=\"elementor-widget-container\">\n\t\t\t\t\t\t\t<div class=\"elementor-divider\">\n\t\t\t<span class=\"elementor-divider-separator\">\n\t\t\t\t\t\t<\/span>\n\t\t<\/div>\n\t\t\t\t\t\t<\/div>\n\t\t\t\t<\/div>\n\t\t\t\t<div class=\"elementor-element elementor-element-aaedfac elementor-widget elementor-widget-text-editor\" data-id=\"aaedfac\" data-element_type=\"widget\" data-e-type=\"widget\" data-widget_type=\"text-editor.default\">\n\t\t\t\t<div class=\"elementor-widget-container\">\n\t\t\t\t\t\t\t\t\tRemplissez votre demande de devis en ligne en quelques minutes et pr\u00e9cisez-nous vos besoins.\n<br><br>\nOu contactez-nous au +<strong>377 93 50 84 50<\/strong>\t\t\t\t\t\t\t\t<\/div>\n\t\t\t\t<\/div>\n\t\t\t\t<div class=\"elementor-element elementor-element-302ac8d elementor-widget elementor-widget-spacer\" data-id=\"302ac8d\" data-element_type=\"widget\" data-e-type=\"widget\" data-widget_type=\"spacer.default\">\n\t\t\t\t<div class=\"elementor-widget-container\">\n\t\t\t\t\t\t\t<div class=\"elementor-spacer\">\n\t\t\t<div class=\"elementor-spacer-inner\"><\/div>\n\t\t<\/div>\n\t\t\t\t\t\t<\/div>\n\t\t\t\t<\/div>\n\t\t\t\t<div class=\"elementor-element elementor-element-8051323 elementor-align-center elementor-widget elementor-widget-button\" data-id=\"8051323\" data-element_type=\"widget\" data-e-type=\"widget\" data-widget_type=\"button.default\">\n\t\t\t\t<div class=\"elementor-widget-container\">\n\t\t\t\t\t\t\t\t\t<div class=\"elementor-button-wrapper\">\n\t\t\t\t\t<a class=\"elementor-button elementor-button-link elementor-size-md\" href=\"https:\/\/topnett.mc\/?page_id=497\">\n\t\t\t\t\t\t<span class=\"elementor-button-content-wrapper\">\n\t\t\t\t\t\t\t\t\t<span class=\"elementor-button-text\">Demander un devis<\/span>\n\t\t\t\t\t<\/span>\n\t\t\t\t\t<\/a>\n\t\t\t\t<\/div>\n\t\t\t\t\t\t\t\t<\/div>\n\t\t\t\t<\/div>\n\t\t\t\t\t<\/div>\n\t\t<\/div>\n\t\t\t\t\t<\/div>\n\t\t<\/section>\n\t\t\t\t<\/div>\n\t\t","protected":false},"excerpt":{"rendered":"<p>LA PROPRET\u00c9 AU SERVICE DE L\u2019ENVIRONNEMENT TOP NETT Depuis plus de 35 ans, Top Nett intervient en Principaut\u00e9 dans les secteurs d&rsquo;activit\u00e9s de propret\u00e9 et de Facility Services. La satisfaction de nos clients \u00e9tant au c\u0153ur de nos priorit\u00e9s, nous mettons tout en \u0153uvre pour r\u00e9pondre \u00e0 vos attentes et attachons \u00e9galement une importance forte [&hellip;]<\/p>\n","protected":false},"author":1,"featured_media":0,"parent":0,"menu_order":0,"comment_status":"closed","ping_status":"closed","template":"elementor_header_footer","meta":{"footnotes":""},"class_list":["post-36","page","type-page","status-publish","hentry"],"yoast_head":"<!-- This site is optimized with the Yoast SEO plugin v27.5 - https:\/\/yoast.com\/product\/yoast-seo-wordpress\/ -->\n<title>Accueil - Topnett<\/title>\n<meta name=\"robots\" content=\"index, follow, max-snippet:-1, max-image-preview:large, max-video-preview:-1\" \/>\n<link rel=\"canonical\" href=\"https:\/\/topnett.mc\/\" \/>\n<meta property=\"og:locale\" content=\"fr_FR\" \/>\n<meta property=\"og:type\" content=\"article\" \/>\n<meta property=\"og:title\" content=\"Accueil - Topnett\" \/>\n<meta property=\"og:description\" content=\"LA PROPRET\u00c9 AU SERVICE DE L\u2019ENVIRONNEMENT TOP NETT Depuis plus de 35 ans, Top Nett intervient en Principaut\u00e9 dans les secteurs d&rsquo;activit\u00e9s de propret\u00e9 et de Facility Services. La satisfaction de nos clients \u00e9tant au c\u0153ur de nos priorit\u00e9s, nous mettons tout en \u0153uvre pour r\u00e9pondre \u00e0 vos attentes et attachons \u00e9galement une importance forte [&hellip;]\" \/>\n<meta property=\"og:url\" content=\"https:\/\/topnett.mc\/\" \/>\n<meta property=\"og:site_name\" content=\"Topnett\" \/>\n<meta property=\"article:modified_time\" content=\"2024-03-18T13:47:56+00:00\" \/>\n<meta property=\"og:image\" content=\"https:\/\/topnett.mc\/wp-content\/uploads\/2023\/09\/Group-1-1024x768.jpg\" \/>\n<meta name=\"twitter:card\" content=\"summary_large_image\" \/>\n<meta name=\"twitter:label1\" content=\"Dur\u00e9e de lecture estim\u00e9e\" \/>\n\t<meta name=\"twitter:data1\" content=\"2 minutes\" \/>\n<script type=\"application\/ld+json\" class=\"yoast-schema-graph\">{\"@context\":\"https:\\\/\\\/schema.org\",\"@graph\":[{\"@type\":\"WebPage\",\"@id\":\"https:\\\/\\\/topnett.mc\\\/\",\"url\":\"https:\\\/\\\/topnett.mc\\\/\",\"name\":\"Accueil - Topnett\",\"isPartOf\":{\"@id\":\"https:\\\/\\\/topnett.mc\\\/#website\"},\"primaryImageOfPage\":{\"@id\":\"https:\\\/\\\/topnett.mc\\\/#primaryimage\"},\"image\":{\"@id\":\"https:\\\/\\\/topnett.mc\\\/#primaryimage\"},\"thumbnailUrl\":\"https:\\\/\\\/topnett.mc\\\/wp-content\\\/uploads\\\/2023\\\/09\\\/Group-1-1024x768.jpg\",\"datePublished\":\"2023-02-06T10:44:03+00:00\",\"dateModified\":\"2024-03-18T13:47:56+00:00\",\"breadcrumb\":{\"@id\":\"https:\\\/\\\/topnett.mc\\\/#breadcrumb\"},\"inLanguage\":\"fr-FR\",\"potentialAction\":[{\"@type\":\"ReadAction\",\"target\":[\"https:\\\/\\\/topnett.mc\\\/\"]}]},{\"@type\":\"ImageObject\",\"inLanguage\":\"fr-FR\",\"@id\":\"https:\\\/\\\/topnett.mc\\\/#primaryimage\",\"url\":\"https:\\\/\\\/topnett.mc\\\/wp-content\\\/uploads\\\/2023\\\/09\\\/Group-1.jpg\",\"contentUrl\":\"https:\\\/\\\/topnett.mc\\\/wp-content\\\/uploads\\\/2023\\\/09\\\/Group-1.jpg\",\"width\":2052,\"height\":1539},{\"@type\":\"BreadcrumbList\",\"@id\":\"https:\\\/\\\/topnett.mc\\\/#breadcrumb\",\"itemListElement\":[{\"@type\":\"ListItem\",\"position\":1,\"name\":\"Accueil\",\"item\":\"https:\\\/\\\/topnett.mc\\\/\"},{\"@type\":\"ListItem\",\"position\":2,\"name\":\"Accueil\"}]},{\"@type\":\"WebSite\",\"@id\":\"https:\\\/\\\/topnett.mc\\\/#website\",\"url\":\"https:\\\/\\\/topnett.mc\\\/\",\"name\":\"Topnett\",\"description\":\"\",\"potentialAction\":[{\"@type\":\"SearchAction\",\"target\":{\"@type\":\"EntryPoint\",\"urlTemplate\":\"https:\\\/\\\/topnett.mc\\\/?s={search_term_string}\"},\"query-input\":{\"@type\":\"PropertyValueSpecification\",\"valueRequired\":true,\"valueName\":\"search_term_string\"}}],\"inLanguage\":\"fr-FR\"}]}<\/script>\n<!-- \/ Yoast SEO plugin. -->","yoast_head_json":{"title":"Accueil - Topnett","robots":{"index":"index","follow":"follow","max-snippet":"max-snippet:-1","max-image-preview":"max-image-preview:large","max-video-preview":"max-video-preview:-1"},"canonical":"https:\/\/topnett.mc\/","og_locale":"fr_FR","og_type":"article","og_title":"Accueil - Topnett","og_description":"LA PROPRET\u00c9 AU SERVICE DE L\u2019ENVIRONNEMENT TOP NETT Depuis plus de 35 ans, Top Nett intervient en Principaut\u00e9 dans les secteurs d&rsquo;activit\u00e9s de propret\u00e9 et de Facility Services. La satisfaction de nos clients \u00e9tant au c\u0153ur de nos priorit\u00e9s, nous mettons tout en \u0153uvre pour r\u00e9pondre \u00e0 vos attentes et attachons \u00e9galement une importance forte [&hellip;]","og_url":"https:\/\/topnett.mc\/","og_site_name":"Topnett","article_modified_time":"2024-03-18T13:47:56+00:00","og_image":[{"url":"https:\/\/topnett.mc\/wp-content\/uploads\/2023\/09\/Group-1-1024x768.jpg","type":"","width":"","height":""}],"twitter_card":"summary_large_image","twitter_misc":{"Dur\u00e9e de lecture estim\u00e9e":"2 minutes"},"schema":{"@context":"https:\/\/schema.org","@graph":[{"@type":"WebPage","@id":"https:\/\/topnett.mc\/","url":"https:\/\/topnett.mc\/","name":"Accueil - Topnett","isPartOf":{"@id":"https:\/\/topnett.mc\/#website"},"primaryImageOfPage":{"@id":"https:\/\/topnett.mc\/#primaryimage"},"image":{"@id":"https:\/\/topnett.mc\/#primaryimage"},"thumbnailUrl":"https:\/\/topnett.mc\/wp-content\/uploads\/2023\/09\/Group-1-1024x768.jpg","datePublished":"2023-02-06T10:44:03+00:00","dateModified":"2024-03-18T13:47:56+00:00","breadcrumb":{"@id":"https:\/\/topnett.mc\/#breadcrumb"},"inLanguage":"fr-FR","potentialAction":[{"@type":"ReadAction","target":["https:\/\/topnett.mc\/"]}]},{"@type":"ImageObject","inLanguage":"fr-FR","@id":"https:\/\/topnett.mc\/#primaryimage","url":"https:\/\/topnett.mc\/wp-content\/uploads\/2023\/09\/Group-1.jpg","contentUrl":"https:\/\/topnett.mc\/wp-content\/uploads\/2023\/09\/Group-1.jpg","width":2052,"height":1539},{"@type":"BreadcrumbList","@id":"https:\/\/topnett.mc\/#breadcrumb","itemListElement":[{"@type":"ListItem","position":1,"name":"Accueil","item":"https:\/\/topnett.mc\/"},{"@type":"ListItem","position":2,"name":"Accueil"}]},{"@type":"WebSite","@id":"https:\/\/topnett.mc\/#website","url":"https:\/\/topnett.mc\/","name":"Topnett","description":"","potentialAction":[{"@type":"SearchAction","target":{"@type":"EntryPoint","urlTemplate":"https:\/\/topnett.mc\/?s={search_term_string}"},"query-input":{"@type":"PropertyValueSpecification","valueRequired":true,"valueName":"search_term_string"}}],"inLanguage":"fr-FR"}]}},"_links":{"self":[{"href":"https:\/\/topnett.mc\/index.php?rest_route=\/wp\/v2\/pages\/36","targetHints":{"allow":["GET"]}}],"collection":[{"href":"https:\/\/topnett.mc\/index.php?rest_route=\/wp\/v2\/pages"}],"about":[{"href":"https:\/\/topnett.mc\/index.php?rest_route=\/wp\/v2\/types\/page"}],"author":[{"embeddable":true,"href":"https:\/\/topnett.mc\/index.php?rest_route=\/wp\/v2\/users\/1"}],"replies":[{"embeddable":true,"href":"https:\/\/topnett.mc\/index.php?rest_route=%2Fwp%2Fv2%2Fcomments&post=36"}],"version-history":[{"count":103,"href":"https:\/\/topnett.mc\/index.php?rest_route=\/wp\/v2\/pages\/36\/revisions"}],"predecessor-version":[{"id":699,"href":"https:\/\/topnett.mc\/index.php?rest_route=\/wp\/v2\/pages\/36\/revisions\/699"}],"wp:attachment":[{"href":"https:\/\/topnett.mc\/index.php?rest_route=%2Fwp%2Fv2%2Fmedia&parent=36"}],"curies":[{"name":"wp","href":"https:\/\/api.w.org\/{rel}","templated":true}]}}