{"id":41,"date":"2023-02-06T10:47:45","date_gmt":"2023-02-06T10:47:45","guid":{"rendered":"https:\/\/topnett.mc\/?page_id=41"},"modified":"2024-03-18T13:56:48","modified_gmt":"2024-03-18T13:56:48","slug":"histoire","status":"publish","type":"page","link":"https:\/\/topnett.mc\/?page_id=41","title":{"rendered":"Histoire"},"content":{"rendered":"\t\t<div data-elementor-type=\"wp-page\" data-elementor-id=\"41\" class=\"elementor elementor-41\" data-elementor-post-type=\"page\">\n\t\t\t\t\t\t<section class=\"elementor-section elementor-top-section elementor-element elementor-element-6b34246 elementor-section-height-min-height elementor-section-boxed elementor-section-height-default elementor-section-items-middle\" data-id=\"6b34246\" data-element_type=\"section\" data-e-type=\"section\">\n\t\t\t\t\t\t<div class=\"elementor-container elementor-column-gap-default\">\n\t\t\t\t\t<div class=\"elementor-column elementor-col-100 elementor-top-column elementor-element elementor-element-6ae8c68\" data-id=\"6ae8c68\" data-element_type=\"column\" data-e-type=\"column\">\n\t\t\t<div class=\"elementor-widget-wrap elementor-element-populated\">\n\t\t\t\t\t\t<div class=\"elementor-element elementor-element-bd635d7 elementor-widget elementor-widget-spacer\" data-id=\"bd635d7\" data-element_type=\"widget\" data-e-type=\"widget\" data-widget_type=\"spacer.default\">\n\t\t\t\t<div class=\"elementor-widget-container\">\n\t\t\t\t\t\t\t<div class=\"elementor-spacer\">\n\t\t\t<div class=\"elementor-spacer-inner\"><\/div>\n\t\t<\/div>\n\t\t\t\t\t\t<\/div>\n\t\t\t\t<\/div>\n\t\t\t\t<div class=\"elementor-element elementor-element-f34ed84 elementor-widget elementor-widget-heading\" data-id=\"f34ed84\" data-element_type=\"widget\" data-e-type=\"widget\" data-widget_type=\"heading.default\">\n\t\t\t\t<div class=\"elementor-widget-container\">\n\t\t\t\t\t<h2 class=\"elementor-heading-title elementor-size-default\">Notre histoire<\/h2>\t\t\t\t<\/div>\n\t\t\t\t<\/div>\n\t\t\t\t<div class=\"elementor-element elementor-element-06f2289 elementor-widget-divider--view-line elementor-widget elementor-widget-divider\" data-id=\"06f2289\" data-element_type=\"widget\" data-e-type=\"widget\" data-widget_type=\"divider.default\">\n\t\t\t\t<div class=\"elementor-widget-container\">\n\t\t\t\t\t\t\t<div class=\"elementor-divider\">\n\t\t\t<span class=\"elementor-divider-separator\">\n\t\t\t\t\t\t<\/span>\n\t\t<\/div>\n\t\t\t\t\t\t<\/div>\n\t\t\t\t<\/div>\n\t\t\t\t<div class=\"elementor-element elementor-element-e995ac3 elementor-widget elementor-widget-text-editor\" data-id=\"e995ac3\" data-element_type=\"widget\" data-e-type=\"widget\" data-widget_type=\"text-editor.default\">\n\t\t\t\t<div class=\"elementor-widget-container\">\n\t\t\t\t\t\t\t\t\t<p>La SAM Top Nett a \u00e9t\u00e9 cr\u00e9\u00e9e le <strong>31 d\u00e9cembre 1987<\/strong>. La naissance de l\u2019entreprise est le fruit d\u2019une r\u00e9flexion commune autour d\u2019un besoin \u00e9vident identifi\u00e9 \u00e0 cette p\u00e9riode.<\/p><p>Les trois administrateurs historiques et amis, dont deux mon\u00e9gasques, se sont attach\u00e9s \u00e0 proposer <strong>une structure locale solide et forte d\u2019une exp\u00e9rience pass\u00e9e et d\u2019un besoin r\u00e9el du march\u00e9 \u00e0 l\u2019\u00e9poque.<\/strong><br \/>Les ann\u00e9es passant, une diversification des activit\u00e9s a \u00e9t\u00e9 op\u00e9r\u00e9e en int\u00e9grant successivement comme clientes, des entreprises majeures sur la principaut\u00e9.<\/p><p>En 2003, Top Nett int\u00e8gre le syst\u00e8me qualit\u00e9 de management<strong> ISO 900<\/strong><b>1<\/b> pour toute la structure de l\u2019entreprise.<\/p><p>Dans l\u2019ann\u00e9e 2004, Top Nett d\u00e9pose la marque commerciale D.T.T. qui est le service de la Division Des Travaux Techniques.<br \/>Ce service enti\u00e8rement autonome est \u00e0 la <strong>pointe des techniques<\/strong> de pon\u00e7age de sol en marbre, des pon\u00e7ages et traitements des parquets, des traitements de tous types de sols, de fa\u00e7ades ou d\u2019entretien de diff\u00e9rentes manifestations telles que <b>Monaco<\/b> <strong>Yachtshow <\/strong>ou<strong> Jumping<\/strong>.<\/p><p>10 ans plus tard, en 2013 Top Nett met en place et obtient le syst\u00e8me de management environnemental <strong>ISO 14001. <\/strong>Cette norme internationale nous permet de g\u00e9rer nos responsablit\u00e9s environnementales et de d\u00e9veloppement durable.<\/p>\t\t\t\t\t\t\t\t<\/div>\n\t\t\t\t<\/div>\n\t\t\t\t<div class=\"elementor-element elementor-element-e885620 elementor-widget elementor-widget-spacer\" data-id=\"e885620\" data-element_type=\"widget\" data-e-type=\"widget\" data-widget_type=\"spacer.default\">\n\t\t\t\t<div class=\"elementor-widget-container\">\n\t\t\t\t\t\t\t<div class=\"elementor-spacer\">\n\t\t\t<div class=\"elementor-spacer-inner\"><\/div>\n\t\t<\/div>\n\t\t\t\t\t\t<\/div>\n\t\t\t\t<\/div>\n\t\t\t\t<div class=\"elementor-element elementor-element-513fb4a elementor-widget elementor-widget-text-editor\" data-id=\"513fb4a\" data-element_type=\"widget\" data-e-type=\"widget\" data-widget_type=\"text-editor.default\">\n\t\t\t\t<div class=\"elementor-widget-container\">\n\t\t\t\t\t\t\t\t\t<p><strong>Top Nett est actuellement un des leaders du march\u00e9 Mon\u00e9gasque.<\/strong><\/p>\t\t\t\t\t\t\t\t<\/div>\n\t\t\t\t<\/div>\n\t\t\t\t\t<\/div>\n\t\t<\/div>\n\t\t\t\t\t<\/div>\n\t\t<\/section>\n\t\t\t\t<section class=\"elementor-section elementor-top-section elementor-element elementor-element-3cbf6e4 elementor-section-boxed elementor-section-height-default elementor-section-height-default\" data-id=\"3cbf6e4\" data-element_type=\"section\" data-e-type=\"section\">\n\t\t\t\t\t\t<div class=\"elementor-container elementor-column-gap-default\">\n\t\t\t\t\t<div class=\"elementor-column elementor-col-100 elementor-top-column elementor-element elementor-element-b4477de\" data-id=\"b4477de\" data-element_type=\"column\" data-e-type=\"column\">\n\t\t\t<div class=\"elementor-widget-wrap elementor-element-populated\">\n\t\t\t\t\t\t<div class=\"elementor-element elementor-element-cb0720e elementor-widget elementor-widget-spacer\" data-id=\"cb0720e\" data-element_type=\"widget\" data-e-type=\"widget\" data-widget_type=\"spacer.default\">\n\t\t\t\t<div class=\"elementor-widget-container\">\n\t\t\t\t\t\t\t<div class=\"elementor-spacer\">\n\t\t\t<div class=\"elementor-spacer-inner\"><\/div>\n\t\t<\/div>\n\t\t\t\t\t\t<\/div>\n\t\t\t\t<\/div>\n\t\t\t\t\t<\/div>\n\t\t<\/div>\n\t\t\t\t\t<\/div>\n\t\t<\/section>\n\t\t\t\t<section class=\"elementor-section elementor-top-section elementor-element elementor-element-00d6aef elementor-section-height-min-height elementor-section-boxed elementor-section-height-default elementor-section-items-middle\" data-id=\"00d6aef\" data-element_type=\"section\" data-e-type=\"section\">\n\t\t\t\t\t\t<div class=\"elementor-container elementor-column-gap-default\">\n\t\t\t\t\t<div class=\"elementor-column elementor-col-100 elementor-top-column elementor-element elementor-element-c1dd734\" data-id=\"c1dd734\" data-element_type=\"column\" data-e-type=\"column\">\n\t\t\t<div class=\"elementor-widget-wrap elementor-element-populated\">\n\t\t\t\t\t\t<div class=\"elementor-element elementor-element-9b34f6b elementor-widget elementor-widget-spacer\" data-id=\"9b34f6b\" data-element_type=\"widget\" data-e-type=\"widget\" data-widget_type=\"spacer.default\">\n\t\t\t\t<div class=\"elementor-widget-container\">\n\t\t\t\t\t\t\t<div class=\"elementor-spacer\">\n\t\t\t<div class=\"elementor-spacer-inner\"><\/div>\n\t\t<\/div>\n\t\t\t\t\t\t<\/div>\n\t\t\t\t<\/div>\n\t\t\t\t<div class=\"elementor-element elementor-element-abccefe elementor-widget elementor-widget-heading\" data-id=\"abccefe\" data-element_type=\"widget\" data-e-type=\"widget\" data-widget_type=\"heading.default\">\n\t\t\t\t<div class=\"elementor-widget-container\">\n\t\t\t\t\t<h2 class=\"elementor-heading-title elementor-size-default\">Notre \u00e9quipe<\/h2>\t\t\t\t<\/div>\n\t\t\t\t<\/div>\n\t\t\t\t<div class=\"elementor-element elementor-element-2d79103 elementor-widget-divider--view-line elementor-widget elementor-widget-divider\" data-id=\"2d79103\" data-element_type=\"widget\" data-e-type=\"widget\" data-widget_type=\"divider.default\">\n\t\t\t\t<div class=\"elementor-widget-container\">\n\t\t\t\t\t\t\t<div class=\"elementor-divider\">\n\t\t\t<span class=\"elementor-divider-separator\">\n\t\t\t\t\t\t<\/span>\n\t\t<\/div>\n\t\t\t\t\t\t<\/div>\n\t\t\t\t<\/div>\n\t\t\t\t<div class=\"elementor-element elementor-element-fdcde25 elementor-widget elementor-widget-image\" data-id=\"fdcde25\" data-element_type=\"widget\" data-e-type=\"widget\" data-widget_type=\"image.default\">\n\t\t\t\t<div class=\"elementor-widget-container\">\n\t\t\t\t\t\t\t\t\t\t\t\t\t\t\t<img fetchpriority=\"high\" decoding=\"async\" width=\"800\" height=\"519\" src=\"https:\/\/topnett.mc\/wp-content\/uploads\/2023\/04\/IMG-20180929-WA0013-1024x664.jpg\" class=\"attachment-large size-large wp-image-579\" alt=\"\" srcset=\"https:\/\/topnett.mc\/wp-content\/uploads\/2023\/04\/IMG-20180929-WA0013-1024x664.jpg 1024w, https:\/\/topnett.mc\/wp-content\/uploads\/2023\/04\/IMG-20180929-WA0013-300x194.jpg 300w, https:\/\/topnett.mc\/wp-content\/uploads\/2023\/04\/IMG-20180929-WA0013-768x498.jpg 768w, https:\/\/topnett.mc\/wp-content\/uploads\/2023\/04\/IMG-20180929-WA0013.jpg 1534w\" sizes=\"(max-width: 800px) 100vw, 800px\" \/>\t\t\t\t\t\t\t\t\t\t\t\t\t\t\t<\/div>\n\t\t\t\t<\/div>\n\t\t\t\t<div class=\"elementor-element elementor-element-fc1688b elementor-widget elementor-widget-spacer\" data-id=\"fc1688b\" data-element_type=\"widget\" data-e-type=\"widget\" data-widget_type=\"spacer.default\">\n\t\t\t\t<div class=\"elementor-widget-container\">\n\t\t\t\t\t\t\t<div class=\"elementor-spacer\">\n\t\t\t<div class=\"elementor-spacer-inner\"><\/div>\n\t\t<\/div>\n\t\t\t\t\t\t<\/div>\n\t\t\t\t<\/div>\n\t\t\t\t\t<\/div>\n\t\t<\/div>\n\t\t\t\t\t<\/div>\n\t\t<\/section>\n\t\t\t\t<section class=\"elementor-section elementor-top-section elementor-element elementor-element-e06f9f2 elementor-section-height-min-height elementor-section-boxed elementor-section-height-default elementor-section-items-middle\" data-id=\"e06f9f2\" data-element_type=\"section\" data-e-type=\"section\" data-settings=\"{&quot;background_background&quot;:&quot;classic&quot;}\">\n\t\t\t\t\t\t\t<div class=\"elementor-background-overlay\"><\/div>\n\t\t\t\t\t\t\t<div class=\"elementor-container elementor-column-gap-default\">\n\t\t\t\t\t<div class=\"elementor-column elementor-col-100 elementor-top-column elementor-element elementor-element-0518a4e\" data-id=\"0518a4e\" data-element_type=\"column\" data-e-type=\"column\">\n\t\t\t<div class=\"elementor-widget-wrap elementor-element-populated\">\n\t\t\t\t\t\t<div class=\"elementor-element elementor-element-d73aa06 elementor-widget elementor-widget-heading\" data-id=\"d73aa06\" data-element_type=\"widget\" data-e-type=\"widget\" data-widget_type=\"heading.default\">\n\t\t\t\t<div class=\"elementor-widget-container\">\n\t\t\t\t\t<h2 class=\"elementor-heading-title elementor-size-default\">NOS SERVICES VOUS INTERESSENT ?<\/h2>\t\t\t\t<\/div>\n\t\t\t\t<\/div>\n\t\t\t\t<div class=\"elementor-element elementor-element-358e89c elementor-widget-divider--view-line elementor-widget elementor-widget-divider\" data-id=\"358e89c\" data-element_type=\"widget\" data-e-type=\"widget\" data-widget_type=\"divider.default\">\n\t\t\t\t<div class=\"elementor-widget-container\">\n\t\t\t\t\t\t\t<div class=\"elementor-divider\">\n\t\t\t<span class=\"elementor-divider-separator\">\n\t\t\t\t\t\t<\/span>\n\t\t<\/div>\n\t\t\t\t\t\t<\/div>\n\t\t\t\t<\/div>\n\t\t\t\t<div class=\"elementor-element elementor-element-2fc83b9 elementor-widget elementor-widget-text-editor\" data-id=\"2fc83b9\" data-element_type=\"widget\" data-e-type=\"widget\" data-widget_type=\"text-editor.default\">\n\t\t\t\t<div class=\"elementor-widget-container\">\n\t\t\t\t\t\t\t\t\tRemplissez votre demande de devis en ligne en quelques minutes et pr\u00e9cisez-nous vos besoins.\n<br><br>\nOu contactez-nous au +<strong>377 93 50 84 50<\/strong>\t\t\t\t\t\t\t\t<\/div>\n\t\t\t\t<\/div>\n\t\t\t\t<div class=\"elementor-element elementor-element-394d604 elementor-widget elementor-widget-spacer\" data-id=\"394d604\" data-element_type=\"widget\" data-e-type=\"widget\" data-widget_type=\"spacer.default\">\n\t\t\t\t<div class=\"elementor-widget-container\">\n\t\t\t\t\t\t\t<div class=\"elementor-spacer\">\n\t\t\t<div class=\"elementor-spacer-inner\"><\/div>\n\t\t<\/div>\n\t\t\t\t\t\t<\/div>\n\t\t\t\t<\/div>\n\t\t\t\t<div class=\"elementor-element elementor-element-76d424c elementor-align-center elementor-widget elementor-widget-button\" data-id=\"76d424c\" data-element_type=\"widget\" data-e-type=\"widget\" data-widget_type=\"button.default\">\n\t\t\t\t<div class=\"elementor-widget-container\">\n\t\t\t\t\t\t\t\t\t<div class=\"elementor-button-wrapper\">\n\t\t\t\t\t<a class=\"elementor-button elementor-button-link elementor-size-md\" href=\"https:\/\/topnett.mc\/?page_id=497\">\n\t\t\t\t\t\t<span class=\"elementor-button-content-wrapper\">\n\t\t\t\t\t\t\t\t\t<span class=\"elementor-button-text\">Demander un devis<\/span>\n\t\t\t\t\t<\/span>\n\t\t\t\t\t<\/a>\n\t\t\t\t<\/div>\n\t\t\t\t\t\t\t\t<\/div>\n\t\t\t\t<\/div>\n\t\t\t\t\t<\/div>\n\t\t<\/div>\n\t\t\t\t\t<\/div>\n\t\t<\/section>\n\t\t\t\t<\/div>\n\t\t","protected":false},"excerpt":{"rendered":"<p>Notre histoire La SAM Top Nett a \u00e9t\u00e9 cr\u00e9\u00e9e le 31 d\u00e9cembre 1987. La naissance de l\u2019entreprise est le fruit d\u2019une r\u00e9flexion commune autour d\u2019un besoin \u00e9vident identifi\u00e9 \u00e0 cette p\u00e9riode. Les trois administrateurs historiques et amis, dont deux mon\u00e9gasques, se sont attach\u00e9s \u00e0 proposer une structure locale solide et forte d\u2019une exp\u00e9rience pass\u00e9e et [&hellip;]<\/p>\n","protected":false},"author":1,"featured_media":0,"parent":0,"menu_order":0,"comment_status":"closed","ping_status":"closed","template":"elementor_header_footer","meta":{"footnotes":""},"class_list":["post-41","page","type-page","status-publish","hentry"],"yoast_head":"<!-- This site is optimized with the Yoast SEO plugin v27.5 - https:\/\/yoast.com\/product\/yoast-seo-wordpress\/ -->\n<title>Histoire - Topnett<\/title>\n<meta name=\"robots\" content=\"index, follow, max-snippet:-1, max-image-preview:large, max-video-preview:-1\" \/>\n<link rel=\"canonical\" href=\"https:\/\/topnett.mc\/?page_id=41\" \/>\n<meta property=\"og:locale\" content=\"fr_FR\" \/>\n<meta property=\"og:type\" content=\"article\" \/>\n<meta property=\"og:title\" content=\"Histoire - Topnett\" \/>\n<meta property=\"og:description\" content=\"Notre histoire La SAM Top Nett a \u00e9t\u00e9 cr\u00e9\u00e9e le 31 d\u00e9cembre 1987. La naissance de l\u2019entreprise est le fruit d\u2019une r\u00e9flexion commune autour d\u2019un besoin \u00e9vident identifi\u00e9 \u00e0 cette p\u00e9riode. Les trois administrateurs historiques et amis, dont deux mon\u00e9gasques, se sont attach\u00e9s \u00e0 proposer une structure locale solide et forte d\u2019une exp\u00e9rience pass\u00e9e et [&hellip;]\" \/>\n<meta property=\"og:url\" content=\"https:\/\/topnett.mc\/?page_id=41\" \/>\n<meta property=\"og:site_name\" content=\"Topnett\" \/>\n<meta property=\"article:modified_time\" content=\"2024-03-18T13:56:48+00:00\" \/>\n<meta property=\"og:image\" content=\"https:\/\/topnett.mc\/wp-content\/uploads\/2023\/04\/Fichier-1-copie.png\" \/>\n<meta name=\"twitter:card\" content=\"summary_large_image\" \/>\n<meta name=\"twitter:label1\" content=\"Dur\u00e9e de lecture estim\u00e9e\" \/>\n\t<meta name=\"twitter:data1\" content=\"3 minutes\" \/>\n<script type=\"application\/ld+json\" class=\"yoast-schema-graph\">{\"@context\":\"https:\\\/\\\/schema.org\",\"@graph\":[{\"@type\":\"WebPage\",\"@id\":\"https:\\\/\\\/topnett.mc\\\/?page_id=41\",\"url\":\"https:\\\/\\\/topnett.mc\\\/?page_id=41\",\"name\":\"Histoire - Topnett\",\"isPartOf\":{\"@id\":\"https:\\\/\\\/topnett.mc\\\/#website\"},\"primaryImageOfPage\":{\"@id\":\"https:\\\/\\\/topnett.mc\\\/?page_id=41#primaryimage\"},\"image\":{\"@id\":\"https:\\\/\\\/topnett.mc\\\/?page_id=41#primaryimage\"},\"thumbnailUrl\":\"https:\\\/\\\/topnett.mc\\\/wp-content\\\/uploads\\\/2023\\\/04\\\/Fichier-1-copie.png\",\"datePublished\":\"2023-02-06T10:47:45+00:00\",\"dateModified\":\"2024-03-18T13:56:48+00:00\",\"breadcrumb\":{\"@id\":\"https:\\\/\\\/topnett.mc\\\/?page_id=41#breadcrumb\"},\"inLanguage\":\"fr-FR\",\"potentialAction\":[{\"@type\":\"ReadAction\",\"target\":[\"https:\\\/\\\/topnett.mc\\\/?page_id=41\"]}]},{\"@type\":\"ImageObject\",\"inLanguage\":\"fr-FR\",\"@id\":\"https:\\\/\\\/topnett.mc\\\/?page_id=41#primaryimage\",\"url\":\"https:\\\/\\\/topnett.mc\\\/wp-content\\\/uploads\\\/2023\\\/04\\\/Fichier-1-copie.png\",\"contentUrl\":\"https:\\\/\\\/topnett.mc\\\/wp-content\\\/uploads\\\/2023\\\/04\\\/Fichier-1-copie.png\",\"width\":255,\"height\":266},{\"@type\":\"BreadcrumbList\",\"@id\":\"https:\\\/\\\/topnett.mc\\\/?page_id=41#breadcrumb\",\"itemListElement\":[{\"@type\":\"ListItem\",\"position\":1,\"name\":\"Accueil\",\"item\":\"https:\\\/\\\/topnett.mc\\\/\"},{\"@type\":\"ListItem\",\"position\":2,\"name\":\"Histoire\"}]},{\"@type\":\"WebSite\",\"@id\":\"https:\\\/\\\/topnett.mc\\\/#website\",\"url\":\"https:\\\/\\\/topnett.mc\\\/\",\"name\":\"Topnett\",\"description\":\"\",\"potentialAction\":[{\"@type\":\"SearchAction\",\"target\":{\"@type\":\"EntryPoint\",\"urlTemplate\":\"https:\\\/\\\/topnett.mc\\\/?s={search_term_string}\"},\"query-input\":{\"@type\":\"PropertyValueSpecification\",\"valueRequired\":true,\"valueName\":\"search_term_string\"}}],\"inLanguage\":\"fr-FR\"}]}<\/script>\n<!-- \/ Yoast SEO plugin. -->","yoast_head_json":{"title":"Histoire - Topnett","robots":{"index":"index","follow":"follow","max-snippet":"max-snippet:-1","max-image-preview":"max-image-preview:large","max-video-preview":"max-video-preview:-1"},"canonical":"https:\/\/topnett.mc\/?page_id=41","og_locale":"fr_FR","og_type":"article","og_title":"Histoire - Topnett","og_description":"Notre histoire La SAM Top Nett a \u00e9t\u00e9 cr\u00e9\u00e9e le 31 d\u00e9cembre 1987. La naissance de l\u2019entreprise est le fruit d\u2019une r\u00e9flexion commune autour d\u2019un besoin \u00e9vident identifi\u00e9 \u00e0 cette p\u00e9riode. Les trois administrateurs historiques et amis, dont deux mon\u00e9gasques, se sont attach\u00e9s \u00e0 proposer une structure locale solide et forte d\u2019une exp\u00e9rience pass\u00e9e et [&hellip;]","og_url":"https:\/\/topnett.mc\/?page_id=41","og_site_name":"Topnett","article_modified_time":"2024-03-18T13:56:48+00:00","og_image":[{"url":"https:\/\/topnett.mc\/wp-content\/uploads\/2023\/04\/Fichier-1-copie.png","type":"","width":"","height":""}],"twitter_card":"summary_large_image","twitter_misc":{"Dur\u00e9e de lecture estim\u00e9e":"3 minutes"},"schema":{"@context":"https:\/\/schema.org","@graph":[{"@type":"WebPage","@id":"https:\/\/topnett.mc\/?page_id=41","url":"https:\/\/topnett.mc\/?page_id=41","name":"Histoire - Topnett","isPartOf":{"@id":"https:\/\/topnett.mc\/#website"},"primaryImageOfPage":{"@id":"https:\/\/topnett.mc\/?page_id=41#primaryimage"},"image":{"@id":"https:\/\/topnett.mc\/?page_id=41#primaryimage"},"thumbnailUrl":"https:\/\/topnett.mc\/wp-content\/uploads\/2023\/04\/Fichier-1-copie.png","datePublished":"2023-02-06T10:47:45+00:00","dateModified":"2024-03-18T13:56:48+00:00","breadcrumb":{"@id":"https:\/\/topnett.mc\/?page_id=41#breadcrumb"},"inLanguage":"fr-FR","potentialAction":[{"@type":"ReadAction","target":["https:\/\/topnett.mc\/?page_id=41"]}]},{"@type":"ImageObject","inLanguage":"fr-FR","@id":"https:\/\/topnett.mc\/?page_id=41#primaryimage","url":"https:\/\/topnett.mc\/wp-content\/uploads\/2023\/04\/Fichier-1-copie.png","contentUrl":"https:\/\/topnett.mc\/wp-content\/uploads\/2023\/04\/Fichier-1-copie.png","width":255,"height":266},{"@type":"BreadcrumbList","@id":"https:\/\/topnett.mc\/?page_id=41#breadcrumb","itemListElement":[{"@type":"ListItem","position":1,"name":"Accueil","item":"https:\/\/topnett.mc\/"},{"@type":"ListItem","position":2,"name":"Histoire"}]},{"@type":"WebSite","@id":"https:\/\/topnett.mc\/#website","url":"https:\/\/topnett.mc\/","name":"Topnett","description":"","potentialAction":[{"@type":"SearchAction","target":{"@type":"EntryPoint","urlTemplate":"https:\/\/topnett.mc\/?s={search_term_string}"},"query-input":{"@type":"PropertyValueSpecification","valueRequired":true,"valueName":"search_term_string"}}],"inLanguage":"fr-FR"}]}},"_links":{"self":[{"href":"https:\/\/topnett.mc\/index.php?rest_route=\/wp\/v2\/pages\/41","targetHints":{"allow":["GET"]}}],"collection":[{"href":"https:\/\/topnett.mc\/index.php?rest_route=\/wp\/v2\/pages"}],"about":[{"href":"https:\/\/topnett.mc\/index.php?rest_route=\/wp\/v2\/types\/page"}],"author":[{"embeddable":true,"href":"https:\/\/topnett.mc\/index.php?rest_route=\/wp\/v2\/users\/1"}],"replies":[{"embeddable":true,"href":"https:\/\/topnett.mc\/index.php?rest_route=%2Fwp%2Fv2%2Fcomments&post=41"}],"version-history":[{"count":43,"href":"https:\/\/topnett.mc\/index.php?rest_route=\/wp\/v2\/pages\/41\/revisions"}],"predecessor-version":[{"id":710,"href":"https:\/\/topnett.mc\/index.php?rest_route=\/wp\/v2\/pages\/41\/revisions\/710"}],"wp:attachment":[{"href":"https:\/\/topnett.mc\/index.php?rest_route=%2Fwp%2Fv2%2Fmedia&parent=41"}],"curies":[{"name":"wp","href":"https:\/\/api.w.org\/{rel}","templated":true}]}}